{"id":424,"date":"2023-09-07T22:08:43","date_gmt":"2023-09-07T20:08:43","guid":{"rendered":"https:\/\/studiojezykowe.com.pl\/?page_id=424"},"modified":"2025-10-05T10:30:17","modified_gmt":"2025-10-05T08:30:17","slug":"sp-nr-89-w-krakowie","status":"publish","type":"page","link":"https:\/\/studiojezykowe.com.pl\/?page_id=424","title":{"rendered":"SP nr 89 w Krakowie"},"content":{"rendered":"\n<p><\/p>\n\n\n\n<p><strong>Zaj\u0119cia z j\u0119zyka angielskiego <\/strong>startuj\u0105 <strong>w pa\u017adzierniku 2025.<\/strong> Zapraszamy do zapis\u00f3w pod numerami telefon\u00f3w: 504 698 006, 534 155 555, lub drog\u0105 mailow\u0105 na adres: kursy@studiojezykowe.com.pl. Minimalna liczba dzieci w grupie to 4, a maksymalna 10. <\/p>\n\n\n\n<p>Do zobaczenia!<\/p>\n\n\n\n<figure class=\"wp-block-gallery has-nested-images columns-default is-cropped wp-block-gallery-1 is-layout-flex wp-block-gallery-is-layout-flex\">\n<figure class=\"wp-block-image size-large\"><img loading=\"lazy\" decoding=\"async\" width=\"1024\" height=\"724\" data-id=\"698\" src=\"https:\/\/studiojezykowe.com.pl\/wp-content\/uploads\/2025\/10\/Wstepny-grafik-6-1024x724.png\" alt=\"\" class=\"wp-image-698\" srcset=\"https:\/\/studiojezykowe.com.pl\/wp-content\/uploads\/2025\/10\/Wstepny-grafik-6-1024x724.png 1024w, https:\/\/studiojezykowe.com.pl\/wp-content\/uploads\/2025\/10\/Wstepny-grafik-6-300x212.png 300w, https:\/\/studiojezykowe.com.pl\/wp-content\/uploads\/2025\/10\/Wstepny-grafik-6-768x543.png 768w, https:\/\/studiojezykowe.com.pl\/wp-content\/uploads\/2025\/10\/Wstepny-grafik-6-1536x1086.png 1536w, https:\/\/studiojezykowe.com.pl\/wp-content\/uploads\/2025\/10\/Wstepny-grafik-6.png 2000w\" sizes=\"auto, (max-width: 1024px) 100vw, 1024px\" \/><\/figure>\n<\/figure>\n","protected":false},"excerpt":{"rendered":"<p>Zaj\u0119cia z j\u0119zyka angielskiego startuj\u0105 w pa\u017adzierniku 2025. Zapraszamy do zapis\u00f3w pod numerami telefon\u00f3w: 504 698 006, 534 155 555, lub drog\u0105 mailow\u0105 na adres: kursy@studiojezykowe.com.pl. Minimalna liczba dzieci w grupie to 4, a maksymalna 10. Do zobaczenia!<\/p>\n","protected":false},"author":1,"featured_media":0,"parent":0,"menu_order":0,"comment_status":"closed","ping_status":"closed","template":"","meta":{"footnotes":""},"class_list":["post-424","page","type-page","status-publish","hentry"],"_links":{"self":[{"href":"https:\/\/studiojezykowe.com.pl\/index.php?rest_route=\/wp\/v2\/pages\/424","targetHints":{"allow":["GET"]}}],"collection":[{"href":"https:\/\/studiojezykowe.com.pl\/index.php?rest_route=\/wp\/v2\/pages"}],"about":[{"href":"https:\/\/studiojezykowe.com.pl\/index.php?rest_route=\/wp\/v2\/types\/page"}],"author":[{"embeddable":true,"href":"https:\/\/studiojezykowe.com.pl\/index.php?rest_route=\/wp\/v2\/users\/1"}],"replies":[{"embeddable":true,"href":"https:\/\/studiojezykowe.com.pl\/index.php?rest_route=%2Fwp%2Fv2%2Fcomments&post=424"}],"version-history":[{"count":19,"href":"https:\/\/studiojezykowe.com.pl\/index.php?rest_route=\/wp\/v2\/pages\/424\/revisions"}],"predecessor-version":[{"id":699,"href":"https:\/\/studiojezykowe.com.pl\/index.php?rest_route=\/wp\/v2\/pages\/424\/revisions\/699"}],"wp:attachment":[{"href":"https:\/\/studiojezykowe.com.pl\/index.php?rest_route=%2Fwp%2Fv2%2Fmedia&parent=424"}],"curies":[{"name":"wp","href":"https:\/\/api.w.org\/{rel}","templated":true}]}}