{"id":2,"date":"2021-08-03T12:28:07","date_gmt":"2021-08-03T10:28:07","guid":{"rendered":"http:\/\/studiojezykowe.com.pl\/?page_id=2"},"modified":"2024-07-03T19:48:40","modified_gmt":"2024-07-03T17:48:40","slug":"przykladowa-strona","status":"publish","type":"page","link":"https:\/\/studiojezykowe.com.pl\/","title":{"rendered":"Start"},"content":{"rendered":"\n<p><\/p>\n\n\n\n<p>Obalimy mit nudnego angielskiego dla doros\u0142ych i dzieci!<\/p>\n\n\n\n<p><a href=\"https:\/\/studiojezykowe.com.pl\/zapisy\/\">Kliknij tutaj<\/a> aby zapisa\u0107 si\u0119 na jeden z proponowanych kurs\u00f3w.<\/p>\n","protected":false},"excerpt":{"rendered":"<p>Obalimy mit nudnego angielskiego dla doros\u0142ych i dzieci! Kliknij tutaj aby zapisa\u0107 si\u0119 na jeden z proponowanych kurs\u00f3w.<\/p>\n","protected":false},"author":1,"featured_media":0,"parent":0,"menu_order":0,"comment_status":"closed","ping_status":"closed","template":"","meta":{"footnotes":""},"class_list":["post-2","page","type-page","status-publish","hentry"],"_links":{"self":[{"href":"https:\/\/studiojezykowe.com.pl\/index.php?rest_route=\/wp\/v2\/pages\/2","targetHints":{"allow":["GET"]}}],"collection":[{"href":"https:\/\/studiojezykowe.com.pl\/index.php?rest_route=\/wp\/v2\/pages"}],"about":[{"href":"https:\/\/studiojezykowe.com.pl\/index.php?rest_route=\/wp\/v2\/types\/page"}],"author":[{"embeddable":true,"href":"https:\/\/studiojezykowe.com.pl\/index.php?rest_route=\/wp\/v2\/users\/1"}],"replies":[{"embeddable":true,"href":"https:\/\/studiojezykowe.com.pl\/index.php?rest_route=%2Fwp%2Fv2%2Fcomments&post=2"}],"version-history":[{"count":9,"href":"https:\/\/studiojezykowe.com.pl\/index.php?rest_route=\/wp\/v2\/pages\/2\/revisions"}],"predecessor-version":[{"id":565,"href":"https:\/\/studiojezykowe.com.pl\/index.php?rest_route=\/wp\/v2\/pages\/2\/revisions\/565"}],"wp:attachment":[{"href":"https:\/\/studiojezykowe.com.pl\/index.php?rest_route=%2Fwp%2Fv2%2Fmedia&parent=2"}],"curies":[{"name":"wp","href":"https:\/\/api.w.org\/{rel}","templated":true}]}}